{"id":5,"date":"2018-01-26T14:45:03","date_gmt":"2018-01-26T16:45:03","guid":{"rendered":"http:\/\/www.tce.pi.gov.br\/simposio\/?page_id=5"},"modified":"2022-07-13T10:41:02","modified_gmt":"2022-07-13T13:41:02","slug":"i-simposio","status":"publish","type":"page","link":"http:\/\/www.tcepi.tc.br\/simposio\/i-simposio\/","title":{"rendered":"I Simposio de Intelig\u00eancia Institucional do Tribunal de Contas do Estado do Piau\u00ed"},"content":{"rendered":"<div style=\"display: flex;\">\n<div class=\"mainbar\">\n<h4 style=\"text-align: center; margin: 0;\">I Simposio de Intelig\u00eancia Institucional do Tribunal de Contas do Estado do Piau\u00ed<br \/>\n26 de fevereiro a 02 de mar\u00e7o de 2018<\/h4>\n<p style=\"text-align: center; margin: 0;\">Teresina &#8211; PI<\/p>\n<p>O Tribunal de Contas do Estado do Piau\u00ed realiza de 26 de fevereiro a 02 de mar\u00e7o de 2018 o <strong>I Simp\u00f3sio de Intelig\u00eancia Institucional do TCE-PI.<\/strong> O evento visa discutir meios e apresentar ferramentas para melhorar o combate \u00e0 corrup\u00e7\u00e3o no pa\u00eds, buscando estimular a coopera\u00e7\u00e3o e a integra\u00e7\u00e3o dos diversos \u00f3rg\u00e3os de controle.<\/p>\n<p>Nesta primeira edi\u00e7\u00e3o do simp\u00f3sio, que acontecer\u00e1 no Audit\u00f3rio do TCE-PI, a tem\u00e1tica ser\u00e1 \u201cOs aspectos te\u00f3ricos e pr\u00e1ticos da Intelig\u00eancia Institucional e o uso de dados para a produ\u00e7\u00e3o do conhecimento e o combate \u00e0 corrup\u00e7\u00e3o\u201d. Ser\u00e3o abordados assuntos como:<\/p>\n<ul>\n<li>Aplicativos c\u00edvicos para a promo\u00e7\u00e3o da transpar\u00eancia p\u00fablica, favorecimento do controle social e combate \u00e0 corrup\u00e7\u00e3o;<\/li>\n<li>Os rastros do dinheiro no caminho da corrup\u00e7\u00e3o;<\/li>\n<li>A corrup\u00e7\u00e3o envolta das ren\u00fancias irregulares de receitas, no desvio de finalidade nas opera\u00e7\u00f5es de cr\u00e9dito e na aus\u00eancia de responsabilidade fiscal;<\/li>\n<li>Indicadores do avan\u00e7o da an\u00e1lise pr\u00e9via de dados nas fiscaliza\u00e7\u00f5es do Tribunal de Contas da Uni\u00e3o;<\/li>\n<\/ul>\n<p>Espera-se que participem do <strong>I Simp\u00f3sio de Intelig\u00eancia Institucional do TCE-PI<\/strong> auditores de controle externo, promotores de justi\u00e7a, ju\u00edzes federais, ju\u00edzes de direito, delegados de pol\u00edcia federal e estadual, membros e servidores do MPF\/PI, advogados da Uni\u00e3o, procuradores do estado do Piau\u00ed, auditores da CGU, auditores da CGE\/PI, auditores DENASUS e outros profissionais da \u00e1rea que se interessem pelo tema.<\/p>\n<hr \/>\n<h4>Local do Evento<\/h4>\n<p>Av. Pedro Freitas, 2100 &#8211; Centro Administrativo &#8211; Teresina-PI &#8211; CEP: 64018-900<br \/>\n<iframe loading=\"lazy\" style=\"border: 0;\" src=\"https:\/\/www.google.com\/maps\/embed?pb=!1m18!1m12!1m3!1d15895.854833897656!2d-42.81594255!3d-5.109551700000001!2m3!1f0!2f0!3f0!3m2!1i1024!2i768!4f13.1!3m3!1m2!1s0x78e37108a3f001d%3A0x3e2f6623e6bc4788!2sTribunal+de+Contas+do+Estado!5e0!3m2!1spt-BR!2sbr!4v1517225139830\" width=\"100%\" height=\"250\" frameborder=\"0\" allowfullscreen=\"allowfullscreen\"><\/iframe><\/p>\n<hr \/>\n<\/div>\n<div class=\"sidebar\">\n<h4><\/h4>\n<div id=\"front-columns\" class=\"front-columns-3\">\n<div id=\"column1\">\n<div class=\"column-image\"><img loading=\"lazy\" id=\"columnImage2\" class=\"alignnone wp-image-477 size-medium\" src=\"http:\/\/www.tce.pi.gov.br\/simposio\/wp-content\/uploads\/2018\/02\/infocontas-1-300x235.jpg\" alt=\"\" width=\"300\" height=\"235\" srcset=\"http:\/\/www.tcepi.tc.br\/simposio\/wp-content\/uploads\/2018\/02\/infocontas-1-300x235.jpg 300w, http:\/\/www.tcepi.tc.br\/simposio\/wp-content\/uploads\/2018\/02\/infocontas-1-150x118.jpg 150w, http:\/\/www.tcepi.tc.br\/simposio\/wp-content\/uploads\/2018\/02\/infocontas-1-191x150.jpg 191w, http:\/\/www.tcepi.tc.br\/simposio\/wp-content\/uploads\/2018\/02\/infocontas-1.jpg 645w\" sizes=\"(max-width: 300px) 100vw, 300px\" \/><\/div>\n<h3><a>Encontro da Rede Infocontas<\/a><\/h3>\n<div class=\"column-text\">O evento conta com diversas palestras sobre as ferramentas de combate \u00e0 corrup\u00e7\u00e3o e intelig\u00eancia institucional ministradas por profissionais de todo o Brasil.<\/div>\n<\/div>\n<div id=\"column2\">\n<div class=\"columnmore\"><\/div>\n<\/div>\n<\/div>\n<div id=\"column3\">\n<div class=\"column-image\"><a href=\"http:\/\/www.tce.pi.gov.br\/tce-pi-lanca-concurso-para-aplicativo-civico-de-combate-a-corrupcao\/\"><img loading=\"lazy\" id=\"columnImage1\" class=\"alignnone wp-image-362 size-medium\" src=\"http:\/\/www.tce.pi.gov.br\/simposio\/wp-content\/uploads\/2018\/02\/app-tce-768x614-300x240.png\" alt=\"\" width=\"300\" height=\"240\" srcset=\"http:\/\/www.tcepi.tc.br\/simposio\/wp-content\/uploads\/2018\/02\/app-tce-768x614-300x240.png 300w, http:\/\/www.tcepi.tc.br\/simposio\/wp-content\/uploads\/2018\/02\/app-tce-768x614.png 768w, http:\/\/www.tcepi.tc.br\/simposio\/wp-content\/uploads\/2018\/02\/app-tce-768x614-150x120.png 150w, http:\/\/www.tcepi.tc.br\/simposio\/wp-content\/uploads\/2018\/02\/app-tce-768x614-188x150.png 188w\" sizes=\"(max-width: 300px) 100vw, 300px\" \/><\/a><\/div>\n<h3><a href=\"http:\/\/www.tce.pi.gov.br\/tce-pi-lanca-concurso-para-aplicativo-civico-de-combate-a-corrupcao\/\">Hackfest<\/a><\/h3>\n<div class=\"column-text\">Est\u00edmulo \u00e0 programa\u00e7\u00e3o e ao <em>Concurso de Aplicativos C\u00edvicos<\/em><\/div>\n<div class=\"columnmore\"><a href=\"http:\/\/www.tce.pi.gov.br\/tce-pi-lanca-concurso-para-aplicativo-civico-de-combate-a-corrupcao\/\">Leia Mais \u00bb<\/a><\/div>\n<\/div>\n<\/div>\n<div style=\"display: none;\">\n<hr \/>\n<h4>Conhe\u00e7a o Piau\u00ed<\/h4>\n<p><iframe loading=\"lazy\" title=\"Rota das Emo\u00e7\u00f5es\" width=\"800\" height=\"450\" src=\"https:\/\/www.youtube.com\/embed\/ZItwk98v6Ag?feature=oembed\" frameborder=\"0\" allow=\"accelerometer; autoplay; clipboard-write; encrypted-media; gyroscope; picture-in-picture\" allowfullscreen><\/iframe><\/p>\n<\/div>\n<\/div>\n","protected":false},"excerpt":{"rendered":"<p>I Simposio de Intelig\u00eancia Institucional do Tribunal de Contas do Estado do Piau\u00ed 26 de fevereiro a 02 de mar\u00e7o de 2018 Teresina &#8211; PI O Tribunal de Contas do Estado do Piau\u00ed realiza de 26 de fevereiro a 02 de mar\u00e7o de 2018 o I Simp\u00f3sio de Intelig\u00eancia Institucional\u2026 <a class=\"continue-reading-link\" href=\"http:\/\/www.tcepi.tc.br\/simposio\/i-simposio\/\">Leia mais <span class=\"meta-nav\">&rarr; <\/span><\/a><\/p>\n","protected":false},"author":1,"featured_media":0,"parent":0,"menu_order":0,"comment_status":"closed","ping_status":"closed","template":"","meta":[],"_links":{"self":[{"href":"http:\/\/www.tcepi.tc.br\/simposio\/wp-json\/wp\/v2\/pages\/5"}],"collection":[{"href":"http:\/\/www.tcepi.tc.br\/simposio\/wp-json\/wp\/v2\/pages"}],"about":[{"href":"http:\/\/www.tcepi.tc.br\/simposio\/wp-json\/wp\/v2\/types\/page"}],"author":[{"embeddable":true,"href":"http:\/\/www.tcepi.tc.br\/simposio\/wp-json\/wp\/v2\/users\/1"}],"replies":[{"embeddable":true,"href":"http:\/\/www.tcepi.tc.br\/simposio\/wp-json\/wp\/v2\/comments?post=5"}],"version-history":[{"count":53,"href":"http:\/\/www.tcepi.tc.br\/simposio\/wp-json\/wp\/v2\/pages\/5\/revisions"}],"predecessor-version":[{"id":700,"href":"http:\/\/www.tcepi.tc.br\/simposio\/wp-json\/wp\/v2\/pages\/5\/revisions\/700"}],"wp:attachment":[{"href":"http:\/\/www.tcepi.tc.br\/simposio\/wp-json\/wp\/v2\/media?parent=5"}],"curies":[{"name":"wp","href":"https:\/\/api.w.org\/{rel}","templated":true}]}}