{"id":369,"date":"2018-02-07T12:17:06","date_gmt":"2018-02-07T14:17:06","guid":{"rendered":"http:\/\/www.tce.pi.gov.br\/simposio\/?page_id=369"},"modified":"2022-07-08T08:22:02","modified_gmt":"2022-07-08T11:22:02","slug":"contato","status":"publish","type":"page","link":"http:\/\/www.tcepi.tc.br\/simposio\/contato\/","title":{"rendered":"Contato"},"content":{"rendered":"<p>Para retirar d\u00favidas, consultar informa\u00e7\u00f5es e outros\u00a0 contate-nos por:<\/p>\n<p>Tel.: (86) 3215-3800<br \/>\nFax.: (86) 3218-3113<br \/>\nE-mail: tce@tce.pi.gov.br<\/p>\n<p>N\u00facleo de Gest\u00e3o de Informa\u00e7\u00f5es Estrat\u00e9gicas &#8211; NUGEI:<br \/>\nTelefone: (86) 3215-3821<\/p>\n","protected":false},"excerpt":{"rendered":"<p>Para retirar d\u00favidas, consultar informa\u00e7\u00f5es e outros\u00a0 contate-nos por: Tel.: (86) 3215-3800 Fax.: (86) 3218-3113 E-mail: tce@tce.pi.gov.br N\u00facleo de Gest\u00e3o de Informa\u00e7\u00f5es Estrat\u00e9gicas &#8211; NUGEI: Telefone: (86) 3215-3821<\/p>\n","protected":false},"author":1,"featured_media":0,"parent":0,"menu_order":0,"comment_status":"closed","ping_status":"closed","template":"","meta":[],"_links":{"self":[{"href":"http:\/\/www.tcepi.tc.br\/simposio\/wp-json\/wp\/v2\/pages\/369"}],"collection":[{"href":"http:\/\/www.tcepi.tc.br\/simposio\/wp-json\/wp\/v2\/pages"}],"about":[{"href":"http:\/\/www.tcepi.tc.br\/simposio\/wp-json\/wp\/v2\/types\/page"}],"author":[{"embeddable":true,"href":"http:\/\/www.tcepi.tc.br\/simposio\/wp-json\/wp\/v2\/users\/1"}],"replies":[{"embeddable":true,"href":"http:\/\/www.tcepi.tc.br\/simposio\/wp-json\/wp\/v2\/comments?post=369"}],"version-history":[{"count":4,"href":"http:\/\/www.tcepi.tc.br\/simposio\/wp-json\/wp\/v2\/pages\/369\/revisions"}],"predecessor-version":[{"id":639,"href":"http:\/\/www.tcepi.tc.br\/simposio\/wp-json\/wp\/v2\/pages\/369\/revisions\/639"}],"wp:attachment":[{"href":"http:\/\/www.tcepi.tc.br\/simposio\/wp-json\/wp\/v2\/media?parent=369"}],"curies":[{"name":"wp","href":"https:\/\/api.w.org\/{rel}","templated":true}]}}