{"id":2,"date":"2018-01-26T14:35:59","date_gmt":"2018-01-26T16:35:59","guid":{"rendered":"http:\/\/www.tce.pi.gov.br\/simposio\/?page_id=2"},"modified":"2022-07-14T09:23:19","modified_gmt":"2022-07-14T12:23:19","slug":"programacao","status":"publish","type":"page","link":"http:\/\/www.tcepi.tc.br\/simposio\/i-simposio\/programacao\/","title":{"rendered":"Programa\u00e7\u00e3o da 1\u00aa Edi\u00e7\u00e3o"},"content":{"rendered":"<div style=\"background-color: lightyellow; border: solid 1px #E6DB55; padding: 2px; text-align: center; margin-bottom: 6px;\"><strong>A organiza\u00e7\u00e3o do evento se reserva o direito de alterar a programa\u00e7\u00e3o tendo em vista a ocorr\u00eancia de fatos supervenientes.<br \/>\n<\/strong><\/div>\n<table class=\"table table-striped programacao\">\n<tbody>\n<tr>\n<td class=\"dia\">\n<h3>26 de fevereiro<\/h3>\n<p>segunda-feira<\/td>\n<td>\n<p style=\"text-align: center;\"><strong>DIA 26 DE FEVEREIRO DE 2018 \u2013 SEGUNDA FEIRA<\/strong><\/p>\n<p style=\"text-align: justify;\">9hs \u2013 ABERTURA INICIAL DO EVENTO &#8211; EST\u00cdMULO \u00c0 PROGRAMA\u00c7\u00c3O E AO CONCURSO DE APLICATIVOS C\u00cdVICOS<\/p>\n<ul style=\"text-align: justify;\">\n<li>APLICATIVOS HACKFEST<\/li>\n<li>APLICATIVOS C\u00cdVICOS PELO MUNDO<\/li>\n<\/ul>\n<p style=\"text-align: justify;\">A solenidade de abertura ser\u00e1 presidida pelo Diretor de Gest\u00e3o de Informa\u00e7\u00f5es Estrat\u00e9gicas e Combate \u00e0 Corrup\u00e7\u00e3o-DGECOR, do Tribunal de Contas do Estado do Piau\u00ed, na Escola de Gest\u00e3o e Controle.<\/p>\n<p style=\"text-align: justify;\">10hs00min \u2013 PAINEL: TRANSPAR\u00caNCIA P\u00daBLICA, CONTROLE SOCIAL E OUTROS MEIOS DE COMBATE \u00c0 CORRUP\u00c7\u00c3O: A TECNOLOGIA DA INFORMA\u00c7\u00c3O \u00c0 SERVI\u00c7O DA CIDADANIA<\/p>\n<p style=\"text-align: justify;\">10hs00min \u2013 TRANSPAR\u00caNCIA P\u00daBLICA \u2013 Facilitador: JOS\u00c9 INALDO DE OLIVEIRA E SILVA<\/p>\n<p style=\"text-align: justify;\">10hs30min \u2013 CONTROLE SOCIAL \u2013 Facilitador: HELLANO MULLER GUIMAR\u00c2ES<\/p>\n<p style=\"text-align: justify;\">11hs00min \u2013 MEIOS DE COMBATE \u00c0 CORRUP\u00c7\u00c3O \u2013 Facilitador: OCT\u00c1VIO C\u00c9SAR NETO<\/p>\n<p style=\"text-align: justify;\">14hs00min \u2013 BRAINSTORMING, APRESENTA\u00c7\u00c3O E DEFESA DE ID\u00c9IAS \u2013 APLICATIVOS C\u00cdVICOS<\/p>\n<\/td>\n<\/tr>\n<tr>\n<td class=\"dia\">\n<h3>27 de fevereiro<\/h3>\n<p>ter\u00e7a-feira<\/td>\n<td>\n<p style=\"text-align: center;\"><strong>DIA 27 DE FEVEREIRO DE 2018 \u2013 TER\u00c7A FEIRA<\/strong><\/p>\n<p style=\"text-align: justify;\">9hs00min \u2013 BRAINSTORMING, APRESENTA\u00c7\u00c3O E DEFESA DE ID\u00c9IAS \u2013 APLICATIVOS C\u00cdVICOS<\/p>\n<p style=\"text-align: justify;\">9hs00min \u2013 ENCONTRO DA REDE INFOCONTAS (FECHADO AOS INTEGRANTES DA REDE)<\/p>\n<\/td>\n<\/tr>\n<tr>\n<td class=\"dia\">\n<h3>28 de fevereiro<\/h3>\n<p>quarta-feira<\/td>\n<td>\n<p style=\"text-align: center;\"><strong>DIA 28 DE FEVEREIRO DE 2018 \u2013 QUARTA FEIRA<\/strong><\/p>\n<p style=\"text-align: justify;\">8hs00min \u2013 CREDENCIAMENTO<\/p>\n<p style=\"text-align: justify;\">9hs00min \u2013 ABERTURA OFICIAL DO EVENTO \u2013 Presid\u00eancia do TCE e demais convidados<\/p>\n<p style=\"text-align: justify;\">9hs30min \u2013 PALESTRA &#8211; A COLABORA\u00c7\u00c3O PREMIADA COMO INSTRUMENTO DE COMBATE \u00c0 CORRUP\u00c7\u00c3O: AMEA\u00c7AS E OPORTUINDADES, FOR\u00c7AS E FRAQUEZAS <strong>(<u>MARCOS MAIRTON DA SILVA<\/u> \u2013 JUIZ FEDERAL E DIRETOR CULTURAL DA AJUFE)<\/strong><\/p>\n<p style=\"text-align: justify;\">10hs10min \u2013 PALESTRA &#8211; MECANISMOS DE ENFRENTAMENTO DO CRIME ORGANIZADO E T\u00c9CNICAS ESPECIAIS DE INVESTIGA\u00c7\u00c3O <strong>(<u>GET\u00daLIO BEZERRA SANTOS <\/u>&#8211; DELEGADO DE POL\u00cdCIA FEDERAL)<\/strong><\/p>\n<p style=\"text-align: justify;\">10hs50min \u2013 PALESTRA &#8211; AN\u00c1LISE DE DADOS, COMPARTILHAMENTO DE INFORMA\u00c7\u00d5ES E INTERDEPEND\u00caNCIA DE PAPEIS: CONSTRU\u00c7\u00c3O INSTITUCIONAL DE UMA REDE DE CONTROLE A SERVI\u00c7O DO ESTADO <strong>(<u>MARCO AUR\u00c9LIO AD\u00c3O<\/u> &#8211; PROCURADOR DA REP\u00daBLICA NO ESTADO DO PIAU\u00cd)<\/strong><\/p>\n<p style=\"text-align: center;\"><strong>\u00a0<\/strong><strong>INTERVALO PARA ALMO\u00c7O<\/strong><\/p>\n<p style=\"text-align: justify;\">15hs00min \u2013 PALESTRA &#8211; A COLABORA\u00c7\u00c3O DA SOCIEDADE E DOS TRIBUNAIS DE CONTAS PARA OS GAECOS: UMA VIS\u00c3O FUNDADA EM RESULTADOS <strong>(<u>OCT\u00c1VIO CELSO GONDIM PAULO NETO<\/u> &#8211; PROMOTOR DE JUSTI\u00c7A DO ESTADO DA PARA\u00cdBA &#8211; COORDENADOR DO GAECO\/PB)<\/strong><\/p>\n<p style=\"text-align: justify;\">15hs50min \u2013 PALESTRA &#8211; INDICADORES DO AVAN\u00c7O DA AN\u00c1LISE PR\u00c9VIA DE DADOS NAS FISCALIZA\u00c7\u00d5ES DO TRIBUNAL DE CONTAS DA UNI\u00c3O (<strong><u>ALBERTO LEITE C\u00c2MARA<\/u> &#8211; AUDITOR DE CONTROLE EXTERNO DO TCU \/ CHEFE DO SERVI\u00c7O DE ORIENTA\u00c7\u00c3O E M\u00c9TODOS DE AN\u00c1LISE DE DADOS (SOMA\/SGI), INSTRUTOR DO ISC\/TCU)<\/strong><\/p>\n<p style=\"text-align: justify;\">16hs30min \u2013 COFFEE-BREAK<\/p>\n<p style=\"text-align: justify;\">17hs00min \u2013 PALESTRA &#8211; INTELIG\u00caNCIA POLICIAL: ASPECTOS RELEVANTES NO CEN\u00c1RIO DAS GRANDES OPERA\u00c7\u00d5ES DE COMBATE \u00c0 CORRUP\u00c7\u00c3O (<strong><u>WELLINGTON SANTIAGO DA SILVA<\/u>\u00a0 &#8211; DELEGADO DE POL\u00cdCIA FEDERAL)<\/strong><\/p>\n<\/td>\n<\/tr>\n<tr>\n<td class=\"dia\">\n<h3>01 de mar\u00e7o<\/h3>\n<p>quinta-feira<\/td>\n<td>\n<p style=\"text-align: center;\"><strong>DIA 01 DE MAR\u00c7O DE 2018 \u2013 QUINTA FEIRA<\/strong><\/p>\n<p style=\"text-align: justify;\">8hs30min \u2013 PALESTRA &#8211; A CONSTRU\u00c7\u00c3O DE UM NOVO PAPEL PARA AS CORREGEDORIAS DE JUSTI\u00c7A NO COMBATE \u00c0 CORRUP\u00c7\u00c3O NA ADMINISTRA\u00c7\u00c3O P\u00daBLICA <strong>(<u>RICARDO GENTIL EUL\u00c1LIO DANTAS<\/u> &#8211; DESEMBARGADOR DO TRIBUNAL DE JUSTI\u00c7A DO PIAU\u00cd)<\/strong><\/p>\n<p style=\"text-align: justify;\">9hs10min \u2013 PALESTRA &#8211; RECEBIMENTO E AN\u00c1LISE ELETR\u00d4NICA DE EDITAIS DE LICITA\u00c7\u00d5ES: UM ENFOQUE ATUAL <strong>(<u>ANTONIO RICARDO LE\u00c3O DE ALMEIDA<\/u> &#8211; AUDITOR FISCAL DO ESTADO DO PIAU\u00cd &#8211; DIRETOR DE TI DO TCE\/PI)<\/strong><\/p>\n<p style=\"text-align: justify;\">9hs50min \u2013 COFFEE-BREAK<\/p>\n<p style=\"text-align: justify;\">10hs20min \u2013 PALESTRA &#8211; O GAECO DO PIAU\u00cd: INOVA\u00c7\u00d5ES, RESULTADOS E DESAFIOS NO COMBATE AO CRIME ORGANIZADO <strong>(<u>R\u00d4MULO PAULO CORD\u00c3O<\/u> &#8211; PROMOTOR DE JUSTI\u00c7A DO ESTADO DO PIAU\u00cd &#8211; COORDENADOR DO GAECO\/PI)<\/strong><\/p>\n<p style=\"text-align: justify;\">11hs00min &#8211; PALESTRA &#8211; O CONTROLE EXTERNO PREVENTIVO E EFICAZ: DESENVOLVIMENTO DE FERRAMENTAS BASEADAS EM MODELOS PREDITIVOS PARA A A\u00c7\u00c3O CONCOMITANTE DAS INTITUI\u00c7\u00d5ES <strong>(<u>MARCUS VINICIUS LEMOS<\/u> &#8211; AUDITOR DE CONTROLE EXTERNO DO TCE\/PI)<\/strong><\/p>\n<p style=\"text-align: center;\">INTERVALO PARA ALMO\u00c7O<\/p>\n<p style=\"text-align: justify;\">14hs30min \u2013 PALESTRA &#8211; POL\u00cdTICAS P\u00daBLICAS DE SA\u00daDE E EDUCA\u00c7\u00c3O E\u00a0 ALGUMAS POSSIBILIDADES DE CONTROLE DA SUA EFETIVIDADE NO CICLO OR\u00c7AMENT\u00c1RIO<strong> (<u>\u00c9LIDA GRAZIANE PINTO<\/u> &#8211; PROCURADORA DE CONTAS DO TCE\/SP)<\/strong><\/p>\n<p style=\"text-align: justify;\"><strong>\u00a0<\/strong>15hs10min \u2013 PALESTRA &#8211; O USO DE DADOS ABERTOS E A RASPAGEM NA INTERNET (<em>DATA SCRAPING<\/em>) COMO FERRAMENTA DE COMBATE \u00c0 CORRUP\u00c7\u00c3O <strong>(<u>WAURL\u00caNIO ALVES DA ROCHA<\/u> \u2013 MAJOR DO EX\u00c9RCITO BRASILEIRO)<\/strong><\/p>\n<p style=\"text-align: justify;\">15hs50min \u2013 COFFEE &#8211; BREAK<\/p>\n<p style=\"text-align: justify;\">16hs20min \u2013 PALESTRA \u2013 OS RASTROS DO DINHEIRO NO CAMINHO DA CORRUP\u00c7\u00c3O <strong>(<u>F\u00c1BIO GEORGE CRUZ DA N\u00d3BREGA<\/u> \u2013 PROCURADOR DA REP\u00daBLICA 5\u00aa REGI\u00c3O)<\/strong><\/p>\n<\/td>\n<\/tr>\n<tr>\n<td class=\"dia\">\n<h3>02 de mar\u00e7o<\/h3>\n<p>sexta-feira<\/td>\n<td>\n<p style=\"text-align: center;\"><strong>DIA 02 DE MAR\u00c7O DE 2018 \u2013 SEXTA FEIRA<\/strong><\/p>\n<p style=\"text-align: justify;\">8hs30min \u2013 PALESTRA &#8211; O FORTALECIMENTO DO PROCESSO DE CONTRATA\u00c7\u00c3O P\u00daBLICA POR MEIO DA IMPLEMENTA\u00c7\u00c3O DE MECANISMOS DE INTEGRIDADE E CONTROLES ANTICORRUP\u00c7\u00c3O \u00c0 LUZ DA LEI N<u><sup>o<\/sup><\/u> 12.846\/13 (<strong>TATIANA MARTINS DA COSTA CAMAR\u00c3O \u2013 ESCRITORA e PROFESSORA<\/strong>)<\/p>\n<p style=\"text-align: justify;\">9hs40min \u2013 PALESTRA \u2013 (TEMA EM CONSTRU\u00c7\u00c3O) \u2013 (<strong>Prof. Dr<\/strong>. <strong><u>PAULO NOGUEIRA DA COSTA<\/u><\/strong> &#8211; <strong>MEMBRO DA ASSOCIA\u00c7\u00c3O FISCAL PORTUGUESA E DA\u00a0<em>INTERNATIONAL FISCAL ASSOCIATION<\/em><\/strong>)<\/p>\n<p style=\"text-align: justify;\">10hs30min &#8211; COFFEE &#8211; BREAK<\/p>\n<p style=\"text-align: justify;\">11hs00min \u2013 PALESTRA \u2013 SISTEMA POL\u00cdTICO E CUSTO DAS ELEI\u00c7\u00d5ES: AS ORIGENS DA CORRUP\u00c7\u00c3O NOS GOVERNOS \u2013 (<strong>MINISTRO DO STF LU\u00cdS ROBERTO BARROSO)<\/strong><\/p>\n<\/td>\n<\/tr>\n<\/tbody>\n<\/table>\n","protected":false},"excerpt":{"rendered":"<p>A organiza\u00e7\u00e3o do evento se reserva o direito de alterar a programa\u00e7\u00e3o tendo em vista a ocorr\u00eancia de fatos supervenientes. 26 de fevereiro segunda-feira DIA 26 DE FEVEREIRO DE 2018 \u2013 SEGUNDA FEIRA 9hs \u2013 ABERTURA INICIAL DO EVENTO &#8211; EST\u00cdMULO \u00c0 PROGRAMA\u00c7\u00c3O E AO CONCURSO DE APLICATIVOS C\u00cdVICOS APLICATIVOS\u2026 <a class=\"continue-reading-link\" href=\"http:\/\/www.tcepi.tc.br\/simposio\/i-simposio\/programacao\/\">Leia mais <span class=\"meta-nav\">&rarr; <\/span><\/a><\/p>\n","protected":false},"author":1,"featured_media":0,"parent":5,"menu_order":0,"comment_status":"closed","ping_status":"closed","template":"","meta":[],"_links":{"self":[{"href":"http:\/\/www.tcepi.tc.br\/simposio\/wp-json\/wp\/v2\/pages\/2"}],"collection":[{"href":"http:\/\/www.tcepi.tc.br\/simposio\/wp-json\/wp\/v2\/pages"}],"about":[{"href":"http:\/\/www.tcepi.tc.br\/simposio\/wp-json\/wp\/v2\/types\/page"}],"author":[{"embeddable":true,"href":"http:\/\/www.tcepi.tc.br\/simposio\/wp-json\/wp\/v2\/users\/1"}],"replies":[{"embeddable":true,"href":"http:\/\/www.tcepi.tc.br\/simposio\/wp-json\/wp\/v2\/comments?post=2"}],"version-history":[{"count":18,"href":"http:\/\/www.tcepi.tc.br\/simposio\/wp-json\/wp\/v2\/pages\/2\/revisions"}],"predecessor-version":[{"id":705,"href":"http:\/\/www.tcepi.tc.br\/simposio\/wp-json\/wp\/v2\/pages\/2\/revisions\/705"}],"up":[{"embeddable":true,"href":"http:\/\/www.tcepi.tc.br\/simposio\/wp-json\/wp\/v2\/pages\/5"}],"wp:attachment":[{"href":"http:\/\/www.tcepi.tc.br\/simposio\/wp-json\/wp\/v2\/media?parent=2"}],"curies":[{"name":"wp","href":"https:\/\/api.w.org\/{rel}","templated":true}]}}