{"id":12,"date":"2018-01-29T09:20:58","date_gmt":"2018-01-29T11:20:58","guid":{"rendered":"http:\/\/www.tce.pi.gov.br\/simposio\/?page_id=12"},"modified":"2022-07-14T11:36:10","modified_gmt":"2022-07-14T14:36:10","slug":"local","status":"publish","type":"page","link":"http:\/\/www.tcepi.tc.br\/simposio\/local\/","title":{"rendered":"Local e Hot\u00e9is"},"content":{"rendered":"<p class=\"clearfix\">O <em>II Simposio de Intelig\u00eancia Institucional do Tribunal de Contas do Estado do Piau\u00ed<\/em> ser\u00e1 realizado no Tribunal de Contas do Estado do Piau\u00ed, <strong>Av. Pedro Freitas, 2100 &#8211; Centro Administrativo &#8211; Teresina-PI &#8211; CEP: 64018-900<\/strong><br>Tel.: (86) 3215-3800<br>Fax.: (86) 3218-3113<br>E-mail: tce@tce.pi.gov.br<\/p>\n<div class=\"floating-map-off\"><iframe loading=\"lazy\" style=\"border: 0;\" src=\"https:\/\/www.google.com\/maps\/embed?pb=!1m18!1m12!1m3!1d15895.854833897656!2d-42.81594255!3d-5.109551700000001!2m3!1f0!2f0!3f0!3m2!1i1024!2i768!4f13.1!3m3!1m2!1s0x78e37108a3f001d%3A0x3e2f6623e6bc4788!2sTribunal+de+Contas+do+Estado!5e0!3m2!1spt-BR!2sbr!4v1517225139830\" width=\"100%\" height=\"400\" frameborder=\"0\" allowfullscreen=\"allowfullscreen\"><\/iframe><\/div>\n\n\n<hr style=\"margin-top: 2em; margin-bottom: 2em;\" \/>\n<h2>Sugest\u00f5es de Hot\u00e9is<\/h2>\n<div class=\"grid grid-alternate\" style=\"display: grid; grid-gap: 2em;\">\n<div>\n<h3 class=\"title\"><a href=\"http:\/\/www.metropolitanhotel.com.br\/\" target=\"_blank\" rel=\"noopener\">Metropolitan Hotel<\/a><\/h3>\n<p><img class=\"alignnone wp-image-278 size-medium\" src=\"http:\/\/www.tce.pi.gov.br\/simposio\/wp-content\/uploads\/2018\/02\/metro-300x200.jpg\" alt=\"\" width=\"100%\" srcset=\"http:\/\/www.tcepi.tc.br\/simposio\/wp-content\/uploads\/2018\/02\/metro-300x200.jpg 300w, http:\/\/www.tcepi.tc.br\/simposio\/wp-content\/uploads\/2018\/02\/metro-150x100.jpg 150w, http:\/\/www.tcepi.tc.br\/simposio\/wp-content\/uploads\/2018\/02\/metro-225x150.jpg 225w, http:\/\/www.tcepi.tc.br\/simposio\/wp-content\/uploads\/2018\/02\/metro.jpg 660w\" sizes=\"(max-width: 300px) 100vw, 300px\" \/><br \/><span class=\"_Xbe\">Av. Frei Serafim, 1696 &#8211; Centro (Sul)<br \/>Teresina &#8211; PI<br \/>CEP 64001-020<\/span><\/p>\n<div class=\"mapa map\"><iframe loading=\"lazy\" style=\"border: 0;\" src=\"https:\/\/www.google.com\/maps\/embed?pb=!1m14!1m8!1m3!1d15896.3369140063!2d-42.8097067!3d-5.0900815!3m2!1i1024!2i768!4f13.1!3m3!1m2!1s0x0%3A0xceec4d7d6f922c09!2sMetropolitan+Hotel!5e0!3m2!1spt-BR!2sbr!4v1517919936260\" width=\"100%\" height=\"300\" frameborder=\"0\" allowfullscreen=\"allowfullscreen\" data-mce-fragment=\"1\"><\/iframe><\/div>\n<\/div>\n<div>\n<h3 class=\"title\"><a href=\"https:\/\/www.palaciodoriohotel.com.br\/\" target=\"_blank\" rel=\"noopener\">Pal\u00e1cio do Rio Hotel<\/a><\/h3>\n<p><img class=\"alignnone wp-image-279 size-medium\" src=\"http:\/\/www.tce.pi.gov.br\/simposio\/wp-content\/uploads\/2018\/02\/pal-300x200.jpg\" alt=\"\" width=\"100%\" srcset=\"http:\/\/www.tcepi.tc.br\/simposio\/wp-content\/uploads\/2018\/02\/pal-300x200.jpg 300w, http:\/\/www.tcepi.tc.br\/simposio\/wp-content\/uploads\/2018\/02\/pal-150x100.jpg 150w, http:\/\/www.tcepi.tc.br\/simposio\/wp-content\/uploads\/2018\/02\/pal-225x150.jpg 225w, http:\/\/www.tcepi.tc.br\/simposio\/wp-content\/uploads\/2018\/02\/pal.jpg 660w\" sizes=\"(max-width: 300px) 100vw, 300px\" \/><br \/>Av. Ininga, 1325 &#8211; J\u00f3quei<br \/>Teresina &#8211; PI<br \/>CEP 64048-110<\/p>\n<div class=\"mapa map\"><iframe loading=\"lazy\" style=\"border: 0;\" src=\"https:\/\/www.google.com\/maps\/embed?pb=!1m14!1m8!1m3!1d15896.680581967616!2d-42.794439!3d-5.076156!3m2!1i1024!2i768!4f13.1!3m3!1m2!1s0x0%3A0x2be0e7a9acf9a540!2sPal%C3%A1cio+do+Rio+Hotel!5e0!3m2!1spt-BR!2sbr!4v1517919966279\" width=\"100%\" height=\"300\" frameborder=\"0\" allowfullscreen=\"allowfullscreen\" data-mce-fragment=\"1\"><\/iframe><\/div>\n<\/div>\n<div>\n<h3 class=\"title\"><a href=\"http:\/\/www.luxorpiaui.com.br\/\" target=\"_blank\" rel=\"noopener\">Luxor Piau\u00ed Hotel<\/a><\/h3>\n<p><img class=\"alignnone wp-image-277 size-medium\" src=\"http:\/\/www.tce.pi.gov.br\/simposio\/wp-content\/uploads\/2018\/02\/lux-300x200.jpg\" alt=\"\" width=\"100%\" srcset=\"http:\/\/www.tcepi.tc.br\/simposio\/wp-content\/uploads\/2018\/02\/lux-300x200.jpg 300w, http:\/\/www.tcepi.tc.br\/simposio\/wp-content\/uploads\/2018\/02\/lux-150x100.jpg 150w, http:\/\/www.tcepi.tc.br\/simposio\/wp-content\/uploads\/2018\/02\/lux-225x150.jpg 225w, http:\/\/www.tcepi.tc.br\/simposio\/wp-content\/uploads\/2018\/02\/lux.jpg 660w\" sizes=\"(max-width: 300px) 100vw, 300px\" \/><br \/>Pr\u00e7a. Marechal Deodoro, 310 &#8211; Centro (Sul)<br \/>Teresina &#8211; PI<br \/>CEP 64000-160<\/p>\n<div class=\"mapa map\"><iframe loading=\"lazy\" style=\"border: 0;\" src=\"https:\/\/www.google.com\/maps\/embed?pb=!1m14!1m8!1m3!1d15896.342380349295!2d-42.8166485!3d-5.0898603!3m2!1i1024!2i768!4f13.1!3m3!1m2!1s0x0%3A0x8bc7fa8079076e8e!2sLuxor+Piau%C3%AD+Hotel!5e0!3m2!1spt-BR!2sbr!4v1517919994698\" width=\"100%\" height=\"300\" frameborder=\"0\" allowfullscreen=\"allowfullscreen\" data-mce-fragment=\"1\"><\/iframe><\/div>\n<\/div>\n<div>\n<h3 class=\"title\"><a href=\"https:\/\/www.bluetree.com.br\/hotel\/blue-tree-towers-rio-poty\/\">Blue Tree Towers Rio Poty<\/a><\/h3>\n<p><img loading=\"lazy\" class=\"alignnone wp-image-659 size-full\" src=\"http:\/\/www.tce.pi.gov.br\/simposio\/wp-content\/uploads\/2022\/07\/rsz_bluetree.jpg\" alt=\"\" width=\"660\" height=\"440\" srcset=\"http:\/\/www.tcepi.tc.br\/simposio\/wp-content\/uploads\/2022\/07\/rsz_bluetree.jpg 660w, http:\/\/www.tcepi.tc.br\/simposio\/wp-content\/uploads\/2022\/07\/rsz_bluetree-300x200.jpg 300w, http:\/\/www.tcepi.tc.br\/simposio\/wp-content\/uploads\/2022\/07\/rsz_bluetree-150x100.jpg 150w, http:\/\/www.tcepi.tc.br\/simposio\/wp-content\/uploads\/2022\/07\/rsz_bluetree-225x150.jpg 225w\" sizes=\"(max-width: 660px) 100vw, 660px\" \/><br \/><span class=\"_Xbe\">Av. Mal. Castelo Branco, 555, Ilhotas <br \/>Teresina &#8211; PI <br \/>CEP 64014-058<\/span><\/p>\n<div class=\"mapa map\"><iframe loading=\"lazy\" style=\"border: 0;\" src=\"https:\/\/www.google.com\/maps\/embed?pb=!1m18!1m12!1m3!1d3974.101549259207!2d-42.796122384793726!3d-5.087277196307738!2m3!1f0!2f0!3f0!3m2!1i1024!2i768!4f13.1!3m3!1m2!1s0x78e39fc8cb5da3d%3A0xdc14bc771b109305!2sBlue%20Tree%20Towers%20Rio%20Poty!5e0!3m2!1spt-BR!2sbr!4v1657282545523!5m2!1spt-BR!2sbr\" width=\"100%\" height=\"300\" allowfullscreen=\"allowfullscreen\"><\/iframe><\/div>\n<\/div>\n<\/div>\n","protected":false},"excerpt":{"rendered":"<p>O II Simposio de Intelig\u00eancia Institucional do Tribunal de Contas do Estado do Piau\u00ed ser\u00e1 realizado no Tribunal de Contas do Estado do Piau\u00ed, Av. Pedro Freitas, 2100 &#8211; Centro Administrativo &#8211; Teresina-PI &#8211; CEP: 64018-900Tel.: (86) 3215-3800Fax.: (86) 3218-3113E-mail: tce@tce.pi.gov.br Sugest\u00f5es de Hot\u00e9is Metropolitan Hotel Av. Frei Serafim, 1696\u2026 <a class=\"continue-reading-link\" href=\"http:\/\/www.tcepi.tc.br\/simposio\/local\/\">Leia mais <span class=\"meta-nav\">&rarr; <\/span><\/a><\/p>\n","protected":false},"author":1,"featured_media":0,"parent":0,"menu_order":0,"comment_status":"closed","ping_status":"closed","template":"","meta":[],"_links":{"self":[{"href":"http:\/\/www.tcepi.tc.br\/simposio\/wp-json\/wp\/v2\/pages\/12"}],"collection":[{"href":"http:\/\/www.tcepi.tc.br\/simposio\/wp-json\/wp\/v2\/pages"}],"about":[{"href":"http:\/\/www.tcepi.tc.br\/simposio\/wp-json\/wp\/v2\/types\/page"}],"author":[{"embeddable":true,"href":"http:\/\/www.tcepi.tc.br\/simposio\/wp-json\/wp\/v2\/users\/1"}],"replies":[{"embeddable":true,"href":"http:\/\/www.tcepi.tc.br\/simposio\/wp-json\/wp\/v2\/comments?post=12"}],"version-history":[{"count":35,"href":"http:\/\/www.tcepi.tc.br\/simposio\/wp-json\/wp\/v2\/pages\/12\/revisions"}],"predecessor-version":[{"id":727,"href":"http:\/\/www.tcepi.tc.br\/simposio\/wp-json\/wp\/v2\/pages\/12\/revisions\/727"}],"wp:attachment":[{"href":"http:\/\/www.tcepi.tc.br\/simposio\/wp-json\/wp\/v2\/media?parent=12"}],"curies":[{"name":"wp","href":"https:\/\/api.w.org\/{rel}","templated":true}]}}